{"id":2922,"date":"2021-09-15T10:38:05","date_gmt":"2021-09-15T10:38:05","guid":{"rendered":"https:\/\/wordpress.vecurosoft.com\/haarmax\/?page_id=2922"},"modified":"2026-05-13T01:29:28","modified_gmt":"2026-05-13T01:29:28","slug":"contact","status":"publish","type":"page","link":"https:\/\/thelook.com.br\/index.php\/contact\/","title":{"rendered":"Contato"},"content":{"rendered":"\t\t<div data-elementor-type=\"wp-page\" data-elementor-id=\"2922\" class=\"elementor elementor-2922\">\n\t\t\t\t\t\t<section class=\"elementor-section elementor-top-section elementor-element elementor-element-8e5ceb7 elementor-section-full_width elementor-section-height-default elementor-section-height-default\" data-id=\"8e5ceb7\" data-element_type=\"section\">\n\t\t\t\t\t\t<div class=\"elementor-container elementor-column-gap-no\">\n\t\t\t\t\t<div class=\"elementor-column elementor-col-100 elementor-top-column elementor-element elementor-element-39e5d06\" data-id=\"39e5d06\" data-element_type=\"column\">\n\t\t\t<div class=\"elementor-widget-wrap elementor-element-populated\">\n\t\t\t\t\t\t<section class=\"elementor-section elementor-inner-section elementor-element elementor-element-d64002c elementor-section-boxed elementor-section-height-default elementor-section-height-default\" data-id=\"d64002c\" data-element_type=\"section\">\n\t\t\t\t\t\t<div class=\"elementor-container elementor-column-gap-no\">\n\t\t\t\t\t<div class=\"elementor-column elementor-col-100 elementor-inner-column elementor-element elementor-element-bbde69e\" data-id=\"bbde69e\" data-element_type=\"column\">\n\t\t\t<div class=\"elementor-widget-wrap elementor-element-populated\">\n\t\t\t\t \t\t<div class=\"elementor-element elementor-element-4e00da9 elementor-widget elementor-widget-haarmaxsectiontitle\" data-id=\"4e00da9\" data-element_type=\"widget\" data-widget_type=\"haarmaxsectiontitle.default\">\n\t\t\t\t<div class=\"elementor-widget-container\">\n\t\t\t\t\t<div class=\"section-title\" ><div class=\"sec-icon\"><img decoding=\"async\" src=\"https:\/\/thelook.com.br\/wp-content\/uploads\/2026\/05\/logo-simbolo-50-Copia.png\" alt=\"logo simbolo 50 Copia\"  \/><\/div><h2 class=\"sec-title title-selector\">Que bom que chegou at\u00e9 aqui!  <\/h2><p class=\"desc\">Venha ver a transforma\u00e7\u00e3o que podemos realizar em voc\u00ea!<\/p><\/div>\t\t\t\t<\/div>\n\t\t\t\t<\/div>\n\t\t\t\t\t<\/div>\n\t\t<\/div>\n\t\t\t\t\t<\/div>\n\t\t<\/section>\n\t\t\t\t<section class=\"elementor-section elementor-inner-section elementor-element elementor-element-734e419 elementor-section-boxed elementor-section-height-default elementor-section-height-default\" data-id=\"734e419\" data-element_type=\"section\">\n\t\t\t\t\t\t<div class=\"elementor-container elementor-column-gap-no\">\n\t\t\t\t\t<div class=\"elementor-column elementor-col-50 elementor-inner-column elementor-element elementor-element-3c869e1\" data-id=\"3c869e1\" data-element_type=\"column\">\n\t\t\t<div class=\"elementor-widget-wrap elementor-element-populated\">\n\t\t\t\t\t\t<div class=\"elementor-element elementor-element-53a81c3 elementor-widget elementor-widget-shortcode\" data-id=\"53a81c3\" data-element_type=\"widget\" data-widget_type=\"shortcode.default\">\n\t\t\t\t\t\t\t<div class=\"elementor-shortcode\">\n<div class=\"wpcf7 no-js\" id=\"wpcf7-f3246-o1\" lang=\"en-US\" dir=\"ltr\" data-wpcf7-id=\"3246\">\n<div class=\"screen-reader-response\"><p role=\"status\" aria-live=\"polite\" aria-atomic=\"true\"><\/p> <ul><\/ul><\/div>\n<form action=\"\/index.php\/wp-json\/wp\/v2\/pages\/2922#wpcf7-f3246-o1\" method=\"post\" class=\"wpcf7-form init\" aria-label=\"Contact form\" novalidate=\"novalidate\" data-status=\"init\">\n<fieldset class=\"hidden-fields-container\"><input type=\"hidden\" name=\"_wpcf7\" value=\"3246\" \/><input type=\"hidden\" name=\"_wpcf7_version\" value=\"6.1.5\" \/><input type=\"hidden\" name=\"_wpcf7_locale\" value=\"en_US\" \/><input type=\"hidden\" name=\"_wpcf7_unit_tag\" value=\"wpcf7-f3246-o1\" \/><input type=\"hidden\" name=\"_wpcf7_container_post\" value=\"0\" \/><input type=\"hidden\" name=\"_wpcf7_posted_data_hash\" value=\"\" \/>\n<\/fieldset>\n<div class=\"row gx-20\"><div class=\"form-group col-12\"><span class=\"wpcf7-form-control-wrap\" data-name=\"text-717\"><input size=\"40\" maxlength=\"400\" class=\"wpcf7-form-control wpcf7-text wpcf7-validates-as-required form-control style3\" id=\"name\" aria-required=\"true\" aria-invalid=\"false\" placeholder=\"Nome *\" value=\"\" type=\"text\" name=\"text-717\" \/><\/span><\/div>\n<div class=\"form-group col-12\"><span class=\"wpcf7-form-control-wrap\" data-name=\"email-5\"><input size=\"40\" maxlength=\"400\" class=\"wpcf7-form-control wpcf7-email wpcf7-validates-as-required wpcf7-text wpcf7-validates-as-email form-control style3\" id=\"email\" aria-required=\"true\" aria-invalid=\"false\" placeholder=\"Seu Email *\" value=\"\" type=\"email\" name=\"email-5\" \/><\/span><\/div>\n<div class=\"form-group col-12\"><span class=\"wpcf7-form-control-wrap\" data-name=\"text-919\"><input size=\"40\" maxlength=\"400\" class=\"wpcf7-form-control wpcf7-text wpcf7-validates-as-required form-control style3\" aria-required=\"true\" aria-invalid=\"false\" placeholder=\"Telefone *\" value=\"\" type=\"text\" name=\"text-919\" \/><\/span><\/div>\n<div class=\"form-group col-12\"><span class=\"wpcf7-form-control-wrap\" data-name=\"menu-718\"><select class=\"wpcf7-form-control wpcf7-select wpcf7-validates-as-required form-select style3\" aria-required=\"true\" aria-invalid=\"false\" name=\"menu-718\"><option value=\"Agendamento\">Agendamento<\/option><option value=\"Dia da Noiva\">Dia da Noiva<\/option><option value=\"Manicure\">Manicure<\/option><option value=\"Tratamentos\">Tratamentos<\/option><\/select><\/span><\/div>\n<div class=\"form-group col-12\"><span class=\"wpcf7-form-control-wrap\" data-name=\"textarea-945\"><textarea cols=\"40\" rows=\"10\" maxlength=\"2000\" class=\"wpcf7-form-control wpcf7-textarea form-control style3\" aria-invalid=\"false\" placeholder=\"Messagem *\" name=\"textarea-945\"><\/textarea><\/span><\/div>\n<div class=\"form-btn col-12\"><button class=\"vs-btn wpcf7-submit\">Enviar<\/button><\/div><\/div><div class=\"wpcf7-response-output\" aria-hidden=\"true\"><\/div>\n<\/form>\n<\/div>\n<\/div>\n\t\t\t\t\t\t<\/div>\n\t\t\t\t\t<\/div>\n\t\t<\/div>\n\t\t\t\t<div class=\"elementor-column elementor-col-50 elementor-inner-column elementor-element elementor-element-f6a9f73\" data-id=\"f6a9f73\" data-element_type=\"column\">\n\t\t\t<div class=\"elementor-widget-wrap elementor-element-populated\">\n\t\t\t\t\t\t<div class=\"elementor-element elementor-element-b9bf4c3 elementor-widget elementor-widget-text-editor\" data-id=\"b9bf4c3\" data-element_type=\"widget\" data-widget_type=\"text-editor.default\">\n\t\t\t\t\t\t\t\t\t<div class=\"vs-info-table\"><table><tbody><tr><td>Cidade:<\/td><td>S\u00e3o Paulo<\/td><\/tr><tr><td>Endere\u00e7o<\/td><td>Rua Guandu, 3 &#8211; Jardim Analia Franco, S\u00e3o Paulo &#8211; SP, CEP:03320-000<\/td><\/tr><tr><td>Telefone:<\/td><td><a class=\"text-reset d-inline\" href=\"tel:1194031-8700\">(11) 94031-8700<\/a><\/td><\/tr><tr><td>Email:<\/td><td><a class=\"text-reset d-inline\" href=\"contato.tl@thelook.com.br\">contato.tl@thelook.com.brag<\/a><\/td><\/tr><tr><td>Aberto :<\/td><td>Ter\u00e7a &#8211; S\u00e1bado: 9hs &#8211; 21hs Domingo: Fechado <br \/>Segunda: Fechado<\/td><\/tr><\/tbody><\/table><\/div>\t\t\t\t\t\t\t\t<\/div>\n\t\t\t\t\t<\/div>\n\t\t<\/div>\n\t\t\t\t\t<\/div>\n\t\t<\/section>\n\t\t\t\t<section class=\"elementor-section elementor-inner-section elementor-element elementor-element-f389f16 elementor-section-boxed elementor-section-height-default elementor-section-height-default\" data-id=\"f389f16\" data-element_type=\"section\">\n\t\t\t\t\t\t<div class=\"elementor-container elementor-column-gap-no\">\n\t\t\t\t\t<div class=\"elementor-column elementor-col-100 elementor-inner-column elementor-element elementor-element-28b8c1b\" data-id=\"28b8c1b\" data-element_type=\"column\">\n\t\t\t<div class=\"elementor-widget-wrap elementor-element-populated\">\n\t\t\t\t\t\t<div class=\"elementor-element elementor-element-1926dd9 elementor-widget elementor-widget-google_maps\" data-id=\"1926dd9\" data-element_type=\"widget\" data-widget_type=\"google_maps.default\">\n\t\t\t\t\t\t\t<div class=\"elementor-custom-embed\">\n\t\t\t<iframe loading=\"lazy\"\n\t\t\t\t\tsrc=\"https:\/\/maps.google.com\/maps?q=Rua%20Guandu%2C%203%20-%20Jardim%20Analia%20Franco%2C%20S%C3%A3o%20Paulo%20-%20SP%2C%2003320-000&#038;t=m&#038;z=13&#038;output=embed&#038;iwloc=near\"\n\t\t\t\t\ttitle=\"Rua Guandu, 3 - Jardim Analia Franco, S\u00e3o Paulo - SP, 03320-000\"\n\t\t\t\t\taria-label=\"Rua Guandu, 3 - Jardim Analia Franco, S\u00e3o Paulo - SP, 03320-000\"\n\t\t\t><\/iframe>\n\t\t<\/div>\n\t\t\t\t\t\t<\/div>\n\t\t\t\t\t<\/div>\n\t\t<\/div>\n\t\t\t\t\t<\/div>\n\t\t<\/section>\n\t\t\t\t\t<\/div>\n\t\t<\/div>\n\t\t\t\t\t<\/div>\n\t\t<\/section>\n\t\t\t\t<section class=\"elementor-section elementor-top-section elementor-element elementor-element-bac9ce5 elementor-section-full_width elementor-section-height-default elementor-section-height-default\" data-id=\"bac9ce5\" data-element_type=\"section\">\n\t\t\t\t\t\t<div class=\"elementor-container elementor-column-gap-no\">\n\t\t\t\t\t<div class=\"elementor-column elementor-col-100 elementor-top-column elementor-element elementor-element-15073d2\" data-id=\"15073d2\" data-element_type=\"column\">\n\t\t\t<div class=\"elementor-widget-wrap elementor-element-populated\">\n\t\t\t\t\t\t<section class=\"elementor-section elementor-inner-section elementor-element elementor-element-a412541 elementor-section-full_width elementor-section-height-default elementor-section-height-default\" data-id=\"a412541\" data-element_type=\"section\">\n\t\t\t\t\t\t<div class=\"elementor-container elementor-column-gap-no\">\n\t\t\t\t\t<div class=\"elementor-column elementor-col-100 elementor-inner-column elementor-element elementor-element-151e234\" data-id=\"151e234\" data-element_type=\"column\">\n\t\t\t<div class=\"elementor-widget-wrap elementor-element-populated\">\n\t\t\t\t\t\t<div class=\"elementor-element elementor-element-abc4d33 elementor-widget elementor-widget-haarmaxtestimonialslider\" data-id=\"abc4d33\" data-element_type=\"widget\" data-widget_type=\"haarmaxtestimonialslider.default\">\n\t\t\t\t<div class=\"elementor-widget-container\">\n\t\t\t\t\t<section class=\"vs-testimonial-wrapper\"><div class=\"container position-relative\"><div class=\"avater-fly vs-carousel d-none d-lg-block\" id=\"avaterfly\"><div class=\"avater\"><\/div><div class=\"avater\"><\/div><div class=\"avater\"><\/div><\/div><div class=\"row justify-content-center\"><div class=\"col-lg-9 col-xl-7\"><div id=\"testimonialslide1\" class=\"testimonial-one vs-carousel\"><div class=\"vs-testimonial\"><span class=\"quote-icon\"><img decoding=\"async\" src=\"https:\/\/wordpress.vecurosoft.com\/haarmax\/wp-content\/uploads\/2021\/09\/quote.png\" alt=\"quote\"  \/><\/span><div class=\"testimonial-desc\"><p>Frequento o The Look h\u00e1 mais de 10 anos, n\u00e3o consigo ir em outro sal\u00e3o! Eles s\u00e3o extremamente profissionais, usam produtos de excelente qualidade. Os profissionais possuem um amplo curriculo inclusive em workshops fora do pa\u00eds. Um sal\u00e3o de alto padr\u00e3o, para quem quer ter a seguran\u00e7a de um resultado surpreendente. Al\u00e9m de terem os melhores produtos, o sal\u00e3o \u00e9 lindo, confort\u00e1vel! Adoro e indico para todos!!! Vou postar a foto da transforma\u00e7\u00e3o que eles fizeram no meu cabelo! estou mega feliz!! <\/p><\/div><div class=\"author\"><h3 class=\"author-name\">Iris Miranda<\/h3><\/div><\/div><div class=\"vs-testimonial\"><span class=\"quote-icon\"><img decoding=\"async\" src=\"https:\/\/wordpress.vecurosoft.com\/haarmax\/wp-content\/uploads\/2021\/09\/quote.png\" alt=\"quote\"  \/><\/span><div class=\"testimonial-desc\"><p>Eu j\u00e1 imaginava que a experi\u00eancia seria maravilhosa, mas superou todas expectativas desde a receptividade de todos do sal\u00e3o at\u00e9 o resultado final que eu nem imaginava que era poss\u00edvel.\nMeu cabelo \u00e9 muito escuro (naturalmente) e eu pensava s\u00f3 em hidratar\/tratar e fazer um corte que me valorizasse. Durante a conversa inicial para decidirmos o meu tratamento, recebi a proposta de dar uma iluminada e aceitei depois de ver algumas fotos como refer\u00eancia.\nN\u00e3o tive medo de mexer na cor pela primeira vez pq o profissionalismo e a experi\u00eancia do Jurandir me fizeram ter a certeza de que eu n\u00e3o me arrependeria. De fato, eu AMEI!\nMeu cabelo est\u00e1 muito macio, leve e com brilho!<\/p><\/div><div class=\"author\"><h3 class=\"author-name\">Juliana Trov\u00e3o<\/h3><\/div><\/div><div class=\"vs-testimonial\"><span class=\"quote-icon\"><img decoding=\"async\" src=\"https:\/\/wordpress.vecurosoft.com\/haarmax\/wp-content\/uploads\/2021\/09\/quote.png\" alt=\"quote\"  \/><\/span><div class=\"testimonial-desc\"><p>O sal\u00e3o tem um excelente espa\u00e7o, com um jardim muito bem cuidado o que torna o ambiente muito aconchegante, os profissionais s\u00e3o atenciosos e muito bem treinados da recep\u00e7\u00e3o ao profissional que nos atende. Usei v\u00e1rios servi\u00e7os no The Look, o que mais me agrada e me deixa confort\u00e1vel \u00e9 que os profissionais que me atenderam sempre prestam um servi\u00e7o de consultoria me deixando a vontade em tomar a decis\u00e3o em como seguir. Exemplo tinha uma formatura e estava bem indecisa com a maquiagem o Fabr\u00edcio que me atendeu, ajudou muito mostrando as op\u00e7\u00f5es e explicando o resultados de cada linha que poder\u00edamos seguir amei o resultado , o penteado preso ou solto a Nen\u00ea , me mostrou as op\u00e7\u00f5es e t\u00e9cnicas e novamente arrasou na melhor op\u00e7\u00e3o de acordo com a roupa e maquiagem, o corte uso meu cabelo longo, o Jurandir arrasa no corte respeitando minha vontade em manter um longo e ao mesmo tempo deixando mais moderno, menos reto, trazendo movimento ao cabelo e por fim ele arrasou na cor me deixando mais jovem kkk com a t\u00e9cnica moreno iluminado, vale ainda mencionar que no lavat\u00f3rio ganhei massagem e as orienta\u00e7\u00f5es com o cuidado na lavagem e desembara\u00e7o das minhas madeixas.Os valores est\u00e3o de acordo com a regi\u00e3o e principalmente com a qualidade dos servi\u00e7os prestados. Super indico o sal\u00e3o e seus profissionais.<\/p><\/div><div class=\"author\"><h3 class=\"author-name\">Cleide Holanda<\/h3><\/div><\/div><\/div><\/div><\/div><div class=\"testimonial-arrow d-flex justify-content-center gap-4\"><button data-slick-prev=\"#testimonialslide1\" class=\"slick-arrow slick-prev\"><span class=\"long-arrow\"><\/span><\/button><button data-slick-next=\"#testimonialslide1\" class=\"slick-arrow slick-next\"><span class=\"long-arrow\"><\/span><\/button><\/div><\/div><\/section>\t\t\t\t<\/div>\n\t\t\t\t<\/div>\n\t\t\t\t\t<\/div>\n\t\t<\/div>\n\t\t\t\t\t<\/div>\n\t\t<\/section>\n\t\t\t\t\t<\/div>\n\t\t<\/div>\n\t\t\t\t\t<\/div>\n\t\t<\/section>\n\t\t\t\t<\/div>\n\t\t","protected":false},"excerpt":{"rendered":"<p>Que bom que chegou at\u00e9 aqui! Venha ver a transforma\u00e7\u00e3o que podemos realizar em voc\u00ea! Cidade: S\u00e3o Paulo Endere\u00e7o Rua Guandu, 3 &#8211; Jardim Analia Franco, S\u00e3o Paulo &#8211; SP, CEP:03320-000 Telefone: (11) 94031-8700 Email: contato.tl@thelook.com.brag Aberto : Ter\u00e7a &#8211; S\u00e1bado: 9hs &#8211; 21hs Domingo: Fechado Segunda: Fechado Frequento o The Look h\u00e1 mais de&#8230;<\/p>\n","protected":false},"author":1,"featured_media":0,"parent":0,"menu_order":0,"comment_status":"closed","ping_status":"closed","template":"template-builder.php","meta":{"_monsterinsights_skip_tracking":false,"_monsterinsights_sitenote_active":false,"_monsterinsights_sitenote_note":"","_monsterinsights_sitenote_category":0,"footnotes":""},"class_list":["post-2922","page","type-page","status-publish","hentry"],"aioseo_notices":[],"_links":{"self":[{"href":"https:\/\/thelook.com.br\/index.php\/wp-json\/wp\/v2\/pages\/2922","targetHints":{"allow":["GET"]}}],"collection":[{"href":"https:\/\/thelook.com.br\/index.php\/wp-json\/wp\/v2\/pages"}],"about":[{"href":"https:\/\/thelook.com.br\/index.php\/wp-json\/wp\/v2\/types\/page"}],"author":[{"embeddable":true,"href":"https:\/\/thelook.com.br\/index.php\/wp-json\/wp\/v2\/users\/1"}],"replies":[{"embeddable":true,"href":"https:\/\/thelook.com.br\/index.php\/wp-json\/wp\/v2\/comments?post=2922"}],"version-history":[{"count":26,"href":"https:\/\/thelook.com.br\/index.php\/wp-json\/wp\/v2\/pages\/2922\/revisions"}],"predecessor-version":[{"id":6447,"href":"https:\/\/thelook.com.br\/index.php\/wp-json\/wp\/v2\/pages\/2922\/revisions\/6447"}],"wp:attachment":[{"href":"https:\/\/thelook.com.br\/index.php\/wp-json\/wp\/v2\/media?parent=2922"}],"curies":[{"name":"wp","href":"https:\/\/api.w.org\/{rel}","templated":true}]}}